{"id":9,"date":"2022-05-19T10:47:33","date_gmt":"2022-05-19T10:47:33","guid":{"rendered":"http:\/\/noaaconsult.hu\/?page_id=9"},"modified":"2022-05-19T13:08:58","modified_gmt":"2022-05-19T13:08:58","slug":"kezdolap","status":"publish","type":"page","link":"https:\/\/noaaconsult.hu\/","title":{"rendered":"Kezd\u0151lap"},"content":{"rendered":"\t\t<div data-elementor-type=\"wp-page\" data-elementor-id=\"9\" class=\"elementor elementor-9\">\n\t\t\t\t\t\t\t\t\t<section class=\"elementor-section elementor-top-section elementor-element elementor-element-cafb970 elementor-section-full_width elementor-section-height-default elementor-section-height-default\" data-id=\"cafb970\" data-element_type=\"section\">\n\t\t\t\t\t\t<div class=\"elementor-container elementor-column-gap-default\">\n\t\t\t\t\t<div class=\"elementor-column elementor-col-100 elementor-top-column elementor-element elementor-element-9701289\" data-id=\"9701289\" data-element_type=\"column\" data-settings=\"{&quot;background_background&quot;:&quot;classic&quot;}\">\n\t\t\t<div class=\"elementor-widget-wrap elementor-element-populated\">\n\t\t\t\t\t\t\t\t<div class=\"elementor-element elementor-element-9214700 elementor-widget elementor-widget-image\" data-id=\"9214700\" data-element_type=\"widget\" data-widget_type=\"image.default\">\n\t\t\t\t<div class=\"elementor-widget-container\">\n\t\t\t<style>\/*! elementor - v3.17.0 - 08-11-2023 *\/\n.elementor-widget-image{text-align:center}.elementor-widget-image a{display:inline-block}.elementor-widget-image a img[src$=\".svg\"]{width:48px}.elementor-widget-image img{vertical-align:middle;display:inline-block}<\/style>\t\t\t\t\t\t\t\t\t\t\t\t<img loading=\"lazy\" decoding=\"async\" width=\"112\" height=\"107\" src=\"https:\/\/noaaconsult.hu\/wp-content\/uploads\/2022\/05\/noaa-logo.png\" class=\"attachment-full size-full wp-image-130\" alt=\"\" \/>\t\t\t\t\t\t\t\t\t\t\t\t\t\t\t<\/div>\n\t\t\t\t<\/div>\n\t\t\t\t<div class=\"elementor-element elementor-element-6bbe9d9 elementor-widget elementor-widget-heading\" data-id=\"6bbe9d9\" data-element_type=\"widget\" data-widget_type=\"heading.default\">\n\t\t\t\t<div class=\"elementor-widget-container\">\n\t\t\t<style>\/*! elementor - v3.17.0 - 08-11-2023 *\/\n.elementor-heading-title{padding:0;margin:0;line-height:1}.elementor-widget-heading .elementor-heading-title[class*=elementor-size-]>a{color:inherit;font-size:inherit;line-height:inherit}.elementor-widget-heading .elementor-heading-title.elementor-size-small{font-size:15px}.elementor-widget-heading .elementor-heading-title.elementor-size-medium{font-size:19px}.elementor-widget-heading .elementor-heading-title.elementor-size-large{font-size:29px}.elementor-widget-heading .elementor-heading-title.elementor-size-xl{font-size:39px}.elementor-widget-heading .elementor-heading-title.elementor-size-xxl{font-size:59px}<\/style><h4 class=\"elementor-heading-title elementor-size-default\">NOAA CONSULT<\/h4>\t\t<\/div>\n\t\t\t\t<\/div>\n\t\t\t\t\t<\/div>\n\t\t<\/div>\n\t\t\t\t\t\t\t<\/div>\n\t\t<\/section>\n\t\t\t\t<section class=\"elementor-section elementor-top-section elementor-element elementor-element-5b296c8 elementor-section-full_width elementor-section-height-default elementor-section-height-default\" data-id=\"5b296c8\" data-element_type=\"section\" data-settings=\"{&quot;background_background&quot;:&quot;classic&quot;}\">\n\t\t\t\t\t\t<div class=\"elementor-container elementor-column-gap-default\">\n\t\t\t\t\t<div class=\"elementor-column elementor-col-100 elementor-top-column elementor-element elementor-element-55bfcf2\" data-id=\"55bfcf2\" data-element_type=\"column\">\n\t\t\t<div class=\"elementor-widget-wrap elementor-element-populated\">\n\t\t\t\t\t\t\t\t<div class=\"elementor-element elementor-element-8cafcb9 elementor-widget elementor-widget-heading\" data-id=\"8cafcb9\" data-element_type=\"widget\" data-widget_type=\"heading.default\">\n\t\t\t\t<div class=\"elementor-widget-container\">\n\t\t\t<h4 class=\"elementor-heading-title elementor-size-default\">R\u00f3lunk<\/h4>\t\t<\/div>\n\t\t\t\t<\/div>\n\t\t\t\t<div class=\"elementor-element elementor-element-e600364 elementor-widget elementor-widget-text-editor\" data-id=\"e600364\" data-element_type=\"widget\" data-widget_type=\"text-editor.default\">\n\t\t\t\t<div class=\"elementor-widget-container\">\n\t\t\t<style>\/*! elementor - v3.17.0 - 08-11-2023 *\/\n.elementor-widget-text-editor.elementor-drop-cap-view-stacked .elementor-drop-cap{background-color:#69727d;color:#fff}.elementor-widget-text-editor.elementor-drop-cap-view-framed .elementor-drop-cap{color:#69727d;border:3px solid;background-color:transparent}.elementor-widget-text-editor:not(.elementor-drop-cap-view-default) .elementor-drop-cap{margin-top:8px}.elementor-widget-text-editor:not(.elementor-drop-cap-view-default) .elementor-drop-cap-letter{width:1em;height:1em}.elementor-widget-text-editor .elementor-drop-cap{float:left;text-align:center;line-height:1;font-size:50px}.elementor-widget-text-editor .elementor-drop-cap-letter{display:inline-block}<\/style>\t\t\t\t<p>A NOAA Consulting tan\u00e1csad\u00f3 c\u00e9get k\u00e9t partner alap\u00edtotta, G\u00f3r Csaba \u00e9s Boros \u00c1ron. Mindketten elk\u00f6telezettek a k\u00fcl\u00f6nb\u00f6z\u0151 \u00fczleti ter\u00fcleten l\u00e9v\u0151 partnereik tan\u00e1csad\u00f3i t\u00e1mogat\u00e1s\u00e1ban. A tulajdonosok, sok\u00e9ves vezet\u0151i, \u00fczleti \u00e9s jogi h\u00e1tt\u00e9rrel maguk m\u00f6g\u00f6tt, olyan \u00fczleti kih\u00edv\u00e1sok megold\u00e1s\u00e1ban l\u00e1tnak lehet\u0151s\u00e9get, amelyek speci\u00e1lis szaktud\u00e1st ig\u00e9nyelnek.<\/p>\n<p>A v\u00e1llalkoz\u00e1s c\u00e9lja, hogy olyan hat\u00e9kony v\u00e1laszokat adjon komplex finansz\u00edroz\u00e1si k\u00e9rd\u00e9sekre, amelyek megold\u00e1s\u00e1t kevesen k\u00e9pesek sikerre juttatni. Legyen az ak\u00e1r:<\/p>\n<ul>\n<li>projektfinansz\u00edroz\u00e1s,<\/li>\n<li>\u00e1llami t\u00e1mogat\u00e1sok kapcsol\u00e1sa a projektfinansz\u00edroz\u00e1sba,<\/li>\n<li>portf\u00f3li\u00f3 refinansz\u00edroz\u00e1s,<\/li>\n<li>restruktur\u00e1l\u00e1s.<\/li>\n<\/ul>\n<p>A NOAA Consulting p\u00e9nz\u00fcgyi megold\u00e1sokat sz\u00e1ll\u00edt\u00f3&nbsp; kapcsolatrendszere nemcsak az ad\u00f3ss\u00e1gfinansz\u00edroz\u00e1sra, hanem a t\u0151kefinansz\u00edroz\u00e1st ny\u00fajt\u00f3 mag\u00e1n \u00e9s \u00e1llami int\u00e9zm\u00e9nyekre is kiterjed.<\/p>\t\t\t\t\t\t<\/div>\n\t\t\t\t<\/div>\n\t\t\t\t\t<\/div>\n\t\t<\/div>\n\t\t\t\t\t\t\t<\/div>\n\t\t<\/section>\n\t\t\t\t<section class=\"elementor-section elementor-top-section elementor-element elementor-element-9a6823a elementor-section-full_width elementor-section-height-default elementor-section-height-default\" data-id=\"9a6823a\" data-element_type=\"section\" data-settings=\"{&quot;background_background&quot;:&quot;classic&quot;}\">\n\t\t\t\t\t\t<div class=\"elementor-container elementor-column-gap-default\">\n\t\t\t\t\t<div class=\"elementor-column elementor-col-100 elementor-top-column elementor-element elementor-element-3cbef23\" data-id=\"3cbef23\" data-element_type=\"column\">\n\t\t\t<div class=\"elementor-widget-wrap elementor-element-populated\">\n\t\t\t\t\t\t\t\t<div class=\"elementor-element elementor-element-939d926 elementor-widget elementor-widget-heading\" data-id=\"939d926\" data-element_type=\"widget\" data-widget_type=\"heading.default\">\n\t\t\t\t<div class=\"elementor-widget-container\">\n\t\t\t<h4 class=\"elementor-heading-title elementor-size-default\">Kapcsolat<\/h4>\t\t<\/div>\n\t\t\t\t<\/div>\n\t\t\t\t<section class=\"elementor-section elementor-inner-section elementor-element elementor-element-20e24ed elementor-section-boxed elementor-section-height-default elementor-section-height-default\" data-id=\"20e24ed\" data-element_type=\"section\">\n\t\t\t\t\t\t<div class=\"elementor-container elementor-column-gap-default\">\n\t\t\t\t\t<div class=\"elementor-column elementor-col-50 elementor-inner-column elementor-element elementor-element-6f23078\" data-id=\"6f23078\" data-element_type=\"column\">\n\t\t\t<div class=\"elementor-widget-wrap elementor-element-populated\">\n\t\t\t\t\t\t\t\t<div class=\"elementor-element elementor-element-91f820c elementor-widget elementor-widget-text-editor\" data-id=\"91f820c\" data-element_type=\"widget\" data-widget_type=\"text-editor.default\">\n\t\t\t\t<div class=\"elementor-widget-container\">\n\t\t\t\t\t\t\t<p>Levelez\u00e9si c\u00edm:<br>1137 Katona J\u00f3zsef utca 6. II.em 24.A.<\/p>\t\t\t\t\t\t<\/div>\n\t\t\t\t<\/div>\n\t\t\t\t\t<\/div>\n\t\t<\/div>\n\t\t\t\t<div class=\"elementor-column elementor-col-50 elementor-inner-column elementor-element elementor-element-798a00c\" data-id=\"798a00c\" data-element_type=\"column\">\n\t\t\t<div class=\"elementor-widget-wrap elementor-element-populated\">\n\t\t\t\t\t\t\t\t<div class=\"elementor-element elementor-element-2a72ddd elementor-widget elementor-widget-text-editor\" data-id=\"2a72ddd\" data-element_type=\"widget\" data-widget_type=\"text-editor.default\">\n\t\t\t\t<div class=\"elementor-widget-container\">\n\t\t\t\t\t\t\t<p>Email:<br \/><a style=\"color: #dae3f3; text-decoration: underline;\" href=\"mailto:kapcsolat@noaaconsult.hu\">kapcsolat@noaaconsult.hu<\/a><\/p>\t\t\t\t\t\t<\/div>\n\t\t\t\t<\/div>\n\t\t\t\t\t<\/div>\n\t\t<\/div>\n\t\t\t\t\t\t\t<\/div>\n\t\t<\/section>\n\t\t\t\t\t<\/div>\n\t\t<\/div>\n\t\t\t\t\t\t\t<\/div>\n\t\t<\/section>\n\t\t\t\t<section class=\"elementor-section elementor-top-section elementor-element elementor-element-380b6f9 elementor-section-boxed elementor-section-height-default elementor-section-height-default\" data-id=\"380b6f9\" data-element_type=\"section\" data-settings=\"{&quot;background_background&quot;:&quot;classic&quot;}\">\n\t\t\t\t\t\t<div class=\"elementor-container elementor-column-gap-default\">\n\t\t\t\t\t<div class=\"elementor-column elementor-col-100 elementor-top-column elementor-element elementor-element-7bf54b6\" data-id=\"7bf54b6\" data-element_type=\"column\">\n\t\t\t<div class=\"elementor-widget-wrap elementor-element-populated\">\n\t\t\t\t\t\t\t\t<div class=\"elementor-element elementor-element-a7c274f elementor-widget elementor-widget-text-editor\" data-id=\"a7c274f\" data-element_type=\"widget\" data-widget_type=\"text-editor.default\">\n\t\t\t\t<div class=\"elementor-widget-container\">\n\t\t\t\t\t\t\tNOAA CONSULTING KFT. \u00a9 2022 &#8211; <a href=\"https:\/\/noaaconsult.hu\" style=\"color:#ffffff;\">noaaconsult.hu<\/a>\t\t\t\t\t\t<\/div>\n\t\t\t\t<\/div>\n\t\t\t\t\t<\/div>\n\t\t<\/div>\n\t\t\t\t\t\t\t<\/div>\n\t\t<\/section>\n\t\t\t\t\t\t\t<\/div>\n\t\t","protected":false},"excerpt":{"rendered":"<p>NOAA CONSULT R\u00f3lunk A NOAA Consulting tan\u00e1csad\u00f3 c\u00e9get k\u00e9t partner alap\u00edtotta, G\u00f3r Csaba \u00e9s Boros \u00c1ron. Mindketten elk\u00f6telezettek a k\u00fcl\u00f6nb\u00f6z\u0151 \u00fczleti ter\u00fcleten l\u00e9v\u0151 partnereik tan\u00e1csad\u00f3i t\u00e1mogat\u00e1s\u00e1ban. A tulajdonosok, sok\u00e9ves vezet\u0151i, \u00fczleti \u00e9s jogi h\u00e1tt\u00e9rrel maguk m\u00f6g\u00f6tt, olyan \u00fczleti kih\u00edv\u00e1sok megold\u00e1s\u00e1ban l\u00e1tnak lehet\u0151s\u00e9get, amelyek speci\u00e1lis szaktud\u00e1st ig\u00e9nyelnek. A v\u00e1llalkoz\u00e1s c\u00e9lja, hogy olyan hat\u00e9kony v\u00e1laszokat adjon komplex [&hellip;]<\/p>\n","protected":false},"author":1,"featured_media":0,"parent":0,"menu_order":0,"comment_status":"closed","ping_status":"closed","template":"elementor_canvas","meta":{"footnotes":""},"_links":{"self":[{"href":"https:\/\/noaaconsult.hu\/index.php?rest_route=\/wp\/v2\/pages\/9"}],"collection":[{"href":"https:\/\/noaaconsult.hu\/index.php?rest_route=\/wp\/v2\/pages"}],"about":[{"href":"https:\/\/noaaconsult.hu\/index.php?rest_route=\/wp\/v2\/types\/page"}],"author":[{"embeddable":true,"href":"https:\/\/noaaconsult.hu\/index.php?rest_route=\/wp\/v2\/users\/1"}],"replies":[{"embeddable":true,"href":"https:\/\/noaaconsult.hu\/index.php?rest_route=%2Fwp%2Fv2%2Fcomments&post=9"}],"version-history":[{"count":139,"href":"https:\/\/noaaconsult.hu\/index.php?rest_route=\/wp\/v2\/pages\/9\/revisions"}],"predecessor-version":[{"id":157,"href":"https:\/\/noaaconsult.hu\/index.php?rest_route=\/wp\/v2\/pages\/9\/revisions\/157"}],"wp:attachment":[{"href":"https:\/\/noaaconsult.hu\/index.php?rest_route=%2Fwp%2Fv2%2Fmedia&parent=9"}],"curies":[{"name":"wp","href":"https:\/\/api.w.org\/{rel}","templated":true}]}}